{"id":19,"date":"2026-02-04T20:51:41","date_gmt":"2026-02-04T20:51:41","guid":{"rendered":"https:\/\/www.julianhuone.fi\/?page_id=19"},"modified":"2026-02-04T20:57:02","modified_gmt":"2026-02-04T20:57:02","slug":"ajanvaraus","status":"publish","type":"page","link":"https:\/\/www.julianhuone.fi\/","title":{"rendered":"Ajanvaraus"},"content":{"rendered":"<p><iframe width=\"100%\" frameborder=\"0\"\nsrc=\"https:\/\/varaa.timma.fi\/reservation\/julianhuone\"\nid=\"reservationIframe10979\"><\/iframe><\/p>\n<p><script src=\"https:\/\/cdnjs.cloudflare.com\/ajax\/libs\/\niframe-resizer\/2.8.3\/iframeResizer.min.js\">\n<\/script><\/p>\n<p><script type=\"text\/javascript\">\niFrameResize({checkOrigin: false},\n'#reservationIframe10979');\n<\/script><\/p>\n\n\n\n<p>Muistathan t\u00e4ytt\u00e4\u00e4 <a href=\"https:\/\/docs.google.com\/forms\/d\/e\/1FAIpQLSdC0ajRAJqyX8tWWuSJIIb6zHCrE_0Zyfoxy-Syr4i_Nd80qA\/viewform?usp=header\" data-type=\"link\" data-id=\"https:\/\/docs.google.com\/forms\/d\/e\/1FAIpQLSdC0ajRAJqyX8tWWuSJIIb6zHCrE_0Zyfoxy-Syr4i_Nd80qA\/viewform?usp=header\">asiakastietolomakkeen<\/a> tullessasi asiakkaaksi ensimm\u00e4ist\u00e4 kertaa. <\/p>\n","protected":false},"excerpt":{"rendered":"<p>Muistathan t\u00e4ytt\u00e4\u00e4 asiakastietolomakkeen tullessasi asiakkaaksi ensimm\u00e4ist\u00e4 kertaa.<\/p>\n","protected":false},"author":1,"featured_media":0,"parent":0,"menu_order":0,"comment_status":"closed","ping_status":"closed","template":"","meta":{"footnotes":""},"class_list":["post-19","page","type-page","status-publish","hentry","fadeIn","image-hover-transition-effect","latest_post"],"_links":{"self":[{"href":"https:\/\/www.julianhuone.fi\/index.php\/wp-json\/wp\/v2\/pages\/19","targetHints":{"allow":["GET"]}}],"collection":[{"href":"https:\/\/www.julianhuone.fi\/index.php\/wp-json\/wp\/v2\/pages"}],"about":[{"href":"https:\/\/www.julianhuone.fi\/index.php\/wp-json\/wp\/v2\/types\/page"}],"author":[{"embeddable":true,"href":"https:\/\/www.julianhuone.fi\/index.php\/wp-json\/wp\/v2\/users\/1"}],"replies":[{"embeddable":true,"href":"https:\/\/www.julianhuone.fi\/index.php\/wp-json\/wp\/v2\/comments?post=19"}],"version-history":[{"count":2,"href":"https:\/\/www.julianhuone.fi\/index.php\/wp-json\/wp\/v2\/pages\/19\/revisions"}],"predecessor-version":[{"id":23,"href":"https:\/\/www.julianhuone.fi\/index.php\/wp-json\/wp\/v2\/pages\/19\/revisions\/23"}],"wp:attachment":[{"href":"https:\/\/www.julianhuone.fi\/index.php\/wp-json\/wp\/v2\/media?parent=19"}],"curies":[{"name":"wp","href":"https:\/\/api.w.org\/{rel}","templated":true}]}}